{"id":33676,"date":"2023-10-10T19:01:03","date_gmt":"2023-10-10T17:01:03","guid":{"rendered":"https:\/\/connectingregion.com\/subscribe\/"},"modified":"2026-04-15T13:23:15","modified_gmt":"2026-04-15T11:23:15","slug":"pretplatite-se","status":"publish","type":"page","link":"https:\/\/connectingregion.com\/hr\/pretplatite-se\/","title":{"rendered":"Pretplata"},"content":{"rendered":"<div id=\"tdi_1\" class=\"tdc-zone\"><div class=\"tdc_zone tdi_2  wpb_row td-pb-row tdc-element-style\"  >\n<style scoped>\n\/* custom css - generated by TagDiv Composer *\/\n\n\/* custom css - generated by TagDiv Composer *\/\n.tdi_2{\r\n                    min-height: 0;\r\n                }.tdi_2 > .td-element-style:after{\r\n                    content: '' !important;\r\n                    width: 100% !important;\r\n                    height: 100% !important;\r\n                    position: absolute !important;\r\n                    top: 0 !important;\r\n                    left: 0 !important;\r\n                    z-index: 0 !important;\r\n                    display: block !important;\r\n                    background-color: #002352 !important;\r\n                }\n\/* inline tdc_css att - generated by TagDiv Composer *\/\n\n.tdi_2{\nposition:relative;\n}\n\n<\/style>\n<div class=\"tdi_1_rand_style td-element-style\" ><div class=\"td-element-style-before\"><style>\n\/* custom css - generated by TagDiv Composer *\/\n\n.tdi_1_rand_style > .td-element-style-before {\ncontent:'' !important;\nwidth:100% !important;\nheight:100% !important;\nposition:absolute !important;\ntop:0 !important;\nleft:0 !important;\ndisplay:block !important;\nz-index:0 !important;\nbackground-repeat: no-repeat !important;\nbackground-size:contain !important;\nbackground-position:center top !important;\n}\n<\/style><\/div><style>\n\/* custom css - generated by TagDiv Composer *\/\n\n.tdi_1_rand_style{\nbackground-color:#ffffff !important;\n}\n <\/style><\/div><div id=\"tdi_3\" class=\"tdc-row stretch_row_1400 td-stretch-content\"><div class=\"vc_row tdi_4  wpb_row td-pb-row tdc-element-style\" >\n<style scoped>\n\/* custom css - generated by TagDiv Composer *\/\n\n\/* custom css - generated by TagDiv Composer *\/\n.tdi_4,\r\n                .tdi_4 .tdc-columns{\r\n                    min-height: 0;\r\n                }.tdi_4,\r\n\t\t\t\t.tdi_4 .tdc-columns{\r\n\t\t\t\t    display: block;\r\n\t\t\t\t}.tdi_4 .tdc-columns{\r\n\t\t\t\t    width: 100%;\r\n\t\t\t\t}.tdi_4:before,\r\n\t\t\t\t.tdi_4:after{\r\n\t\t\t\t    display: table;\r\n\t\t\t\t}\n\/* inline tdc_css att - generated by TagDiv Composer *\/\n\n.tdi_4{\npadding-top:100px !important;\npadding-bottom:100px !important;\nposition:relative;\n}\n\n.tdi_4 .td_block_wrap{ text-align:left }\n\n\/* landscape *\/\n@media (min-width: 1019px) and (max-width: 1140px)\n{\n.tdi_4{\npadding-top:80px !important;\npadding-bottom:60px !important;\n}\n}\n\n\/* portrait *\/\n@media (min-width: 768px) and (max-width: 1018px)\n{\n.tdi_4{\npadding-bottom:80px !important;\n}\n}\n\n\/* phone *\/\n@media (max-width: 767px)\n{\n.tdi_4{\npadding-top:80px !important;\npadding-bottom:80px !important;\n}\n}\n\n<\/style>\n<div class=\"tdi_3_rand_style td-element-style\" ><div class=\"td-element-style-before\"><style>\n\/* custom css - generated by TagDiv Composer *\/\n\n.tdi_3_rand_style > .td-element-style-before {\ncontent:'' !important;\nwidth:100% !important;\nheight:100% !important;\nposition:absolute !important;\ntop:0 !important;\nleft:0 !important;\ndisplay:block !important;\nz-index:0 !important;\nbackground-position:center center !important;\nopacity:0.5 !important;\nbackground-size:cover !important;\n}\n<\/style><\/div><style>\n\/* custom css - generated by TagDiv Composer *\/\n\n.tdi_3_rand_style{\nbackground-color:#ffffff !important;\n}\n <\/style><\/div><div class=\"vc_column tdi_6  wpb_column vc_column_container tdc-column td-pb-span12\">\n<style scoped>\n\/* custom css - generated by TagDiv Composer *\/\n\n\/* custom css - generated by TagDiv Composer *\/\n.tdi_6{\r\n                    vertical-align: baseline;\r\n                }.tdi_6 > .wpb_wrapper,\r\n\t\t\t\t.tdi_6 > .wpb_wrapper > .tdc-elements{\r\n\t\t\t\t    display: flex;\r\n\t\t\t\t\r\n\t\t\t\t    flex-direction: column;\r\n\t\t\t\t\r\n\t\t\t\t    flex-wrap: nowrap;\r\n\t\t\t\t\r\n\t\t\t\t    justify-content: flex-start;\r\n\t\t\t\t\r\n\t\t\t\t    align-items: flex-start;\r\n\t\t\t\t}.tdi_6 > .wpb_wrapper > .tdc-elements{\r\n\t\t\t\t    width: 100%;\r\n\t\t\t\t}.tdi_6 > .wpb_wrapper > .vc_row_inner{\r\n\t\t\t\t    width: auto;\r\n\t\t\t\t}.tdi_6 > .wpb_wrapper{\r\n\t\t\t\t    width: 100%;\r\n\t\t\t\t    height: 100%;\r\n\t\t\t\t}\n<\/style><div class=\"wpb_wrapper\" ><div class=\"tdm_block td_block_wrap tdm_block_column_title tdi_7 tdm-content-horiz-center td-pb-border-top td_block_template_1\"  data-td-block-uid=\"tdi_7\" >\n<style>\n\n\/* inline tdc_css att - generated by TagDiv Composer *\/\n\n.tdi_7{\nmargin-bottom:0px !important;\npadding-bottom:22px !important;\n}\n\n<\/style>\n<style>\n\/* custom css - generated by TagDiv Composer *\/\n.tdm_block_column_title{\r\n                  margin-bottom: 0;\r\n                  display: inline-block;\r\n                  width: 100%;\r\n                }\n<\/style><div class=\"td-block-row\"><div class=\"td-block-span12 tdm-col\">\n<style>\n\/* custom css - generated by TagDiv Composer *\/\nbody .tdi_8 .tdm-title{\r\n\t\t\t\t\tcolor: #0a0a0a;\r\n\t\t\t\t}.tdi_8 .tdm-title{\r\n\t\t\t\t\tfont-size:36px !important;line-height:1.4 !important;font-weight:800 !important;\r\n\t\t\t\t}\n\n\/* landscape *\/\n@media (min-width: 1019px) and (max-width: 1140px){\n.tdi_8 .tdm-title{\r\n\t\t\t\t\tfont-size:32px !important;\r\n\t\t\t\t}\n}\n\n\/* portrait *\/\n@media (min-width: 768px) and (max-width: 1018px){\n.tdi_8 .tdm-title{\r\n\t\t\t\t\tfont-size:28px !important;\r\n\t\t\t\t}\n}\n\n\/* phone *\/\n@media (max-width: 767px){\n.tdi_8 .tdm-title{\r\n\t\t\t\t\tfont-size:24px !important;\r\n\t\t\t\t}\n}\n<\/style><div class=\"tds-title tds-title1 td-fix-index tdi_8 \"><h3 class=\"tdm-title tdm-title-sm\">Naru\u010dite The Region <br>Dostavljeno na va\u0161u adresu\n\n<\/h3><\/div><\/div><\/div><\/div><div class=\"tdm_block td_block_wrap tdm_block_column_title tdi_9 tdm-content-horiz-center td-pb-border-top td_block_template_1\"  data-td-block-uid=\"tdi_9\" >\n<style>\n\n\/* inline tdc_css att - generated by TagDiv Composer *\/\n\n.tdi_9{\nmargin-top:30px !important;\npadding-bottom:30px !important;\nwidth:70% !important;\n}\n\n\/* landscape *\/\n@media (min-width: 1019px) and (max-width: 1140px)\n{\n.tdi_9{\nmargin-top:0px !important;\n}\n}\n\n\/* portrait *\/\n@media (min-width: 768px) and (max-width: 1018px)\n{\n.tdi_9{\nmargin-top:0px !important;\n}\n}\n\n\/* phone *\/\n@media (max-width: 767px)\n{\n.tdi_9{\nwidth:100% !important;\n}\n}\n\n<\/style><div class=\"td-block-row\"><div class=\"td-block-span12 tdm-col\">\n<style>\n\/* custom css - generated by TagDiv Composer *\/\nbody .tdi_10 .tdm-title{\r\n\t\t\t\t\tcolor: #0a0a0a;\r\n\t\t\t\t}body .tdi_10:hover .tdm-title,\r\n\t\t\t\tbody .tds_icon_box5_wrap:hover .tdi_10 .tdm-title{\r\n\t\t\t\t\tcolor: #0a0a0a;\r\n\t\t\t\t\r\n\t\t\t\t\t-webkit-text-fill-color: unset;\r\n\t\t\t\t\tbackground: transparent;\r\n\t\t\t\t\ttransition: none;\r\n\t\t\t\t}.tdi_10:hover .tdm-title{\r\n\t\t\t\t\tcursor: default;\r\n\t\t\t\t}.tdi_10 .tdm-title{\r\n\t\t\t\t\tfont-family:Libre Franklin !important;font-style:normal !important;font-weight:400 !important;letter-spacing:1px !important;\r\n\t\t\t\t}\n\n\/* landscape *\/\n@media (min-width: 1019px) and (max-width: 1140px){\n.tdi_10 .tdm-title{\r\n\t\t\t\t\tfont-size:19px !important;line-height:27px !important;\r\n\t\t\t\t}\n}\n\n\/* portrait *\/\n@media (min-width: 768px) and (max-width: 1018px){\n.tdi_10 .tdm-title{\r\n\t\t\t\t\tfont-size:18px !important;line-height:24px !important;\r\n\t\t\t\t}\n}\n\n\/* phone *\/\n@media (max-width: 767px){\n.tdi_10 .tdm-title{\r\n\t\t\t\t\tfont-size:17px !important;line-height:24px !important;\r\n\t\t\t\t}\n}\n<\/style><div class=\"tds-title tds-title1 td-fix-index tdi_10 \"><h3 class=\"tdm-title tdm-title-sm\">Na\u0161e tromjese\u010dno tiskano izdanje donosi vam ekskluzivne intervjue s klju\u010dnim osobama, analize i mnogo vi\u0161e, dostavljeno izravno na va\u0161u ku\u0107nu ili poslovnu adresu.<br><br>\n\nPretplatom ostajete korak ispred, osiguravaju\u0107i da ste uvijek u tijeku s utjecajnim razgovorima koji oblikuju regiju Adrije.\n\n<br>\n<br>\n\nPretplatite se ili naru\u010dite odabrana izdanja i ostanite povezani s pri\u010dama koje zaista imaju zna\u010daj.<\/h3><\/div><\/div><\/div><\/div><div class=\"vc_row_inner tdi_12  vc_row vc_inner wpb_row td-pb-row\" >\n<style scoped>\n\/* custom css - generated by TagDiv Composer *\/\n\n\/* custom css - generated by TagDiv Composer *\/\n.tdi_12{\r\n                    position: relative !important;\r\n                    top: 0;\r\n                    transform: none;\r\n                    -webkit-transform: none;\r\n                }.tdi_12,\r\n\t\t\t\t.tdi_12 .tdc-inner-columns{\r\n\t\t\t\t    display: block;\r\n\t\t\t\t}.tdi_12 .tdc-inner-columns{\r\n\t\t\t\t    width: 100%;\r\n\t\t\t\t}@media (min-width: 768px) {\r\n\t                .tdi_12 {\r\n\t                    margin-left: -10px;\r\n\t                    margin-right: -10px;\r\n\t                }\r\n\t                .tdi_12 > .vc_column_inner,\r\n\t                .tdi_12 > .tdc-inner-columns > .vc_column_inner {\r\n\t                    padding-left: 10px;\r\n\t                    padding-right: 10px;\r\n\t                }\r\n                }\n\n\/* phone *\/\n@media (max-width: 767px){\n.tdi_12,\r\n\t\t\t\t.tdi_12 .tdc-inner-columns{\r\n\t\t\t\t    display: flex;\r\n\t\t\t\t\r\n\t\t\t\t    flex-direction: row;\r\n\t\t\t\t\r\n\t\t\t\t    flex-wrap: nowrap;\r\n\t\t\t\t\r\n\t\t\t\t    justify-content: flex-start;\r\n\t\t\t\t\r\n\t\t\t\t    align-items: flex-start;\r\n\t\t\t\t}.tdi_12 .tdc-inner-columns{\r\n\t\t\t\t    width: 100%;\r\n\t\t\t\t}#tdi_11{\r\n\t\t\t\t    flex-grow: 1;\r\n\t\t\t\t}\n}\n\/* inline tdc_css att - generated by TagDiv Composer *\/\n\n.tdi_12{\nmargin-right:auto !important;\nmargin-left:auto !important;\nwidth:calc(100% + ( 10px * 2 ) ) !important;\n--tdb-scroll-anim:none !important;\n}\n\n.tdi_12 .td_block_wrap{ text-align:left }\n\n\/* phone *\/\n@media (max-width: 767px)\n{\n.tdi_12{\nmargin-right:0px !important;\nmargin-left:0px !important;\npadding-top:0px !important;\nwidth:100% !important;\n}\n}\n\n\/* portrait *\/\n@media (min-width: 768px) and (max-width: 1018px)\n{\n.tdi_12{\nwidth:calc(100% + ( 10px * 2 ) ) !important;\n}\n}\n\n\/* landscape *\/\n@media (min-width: 1019px) and (max-width: 1140px)\n{\n.tdi_12{\nwidth:calc(100% + ( 10px * 2 ) ) !important;\n}\n}\n\n<\/style><div class=\"vc_column_inner tdi_14  wpb_column vc_column_container tdc-inner-column td-pb-span4\">\n<style scoped>\n\/* custom css - generated by TagDiv Composer *\/\n\n\/* custom css - generated by TagDiv Composer *\/\n.tdi_14{\r\n                    vertical-align: baseline;\r\n                }.tdi_14 .vc_column-inner > .wpb_wrapper,\r\n\t\t\t\t.tdi_14 .vc_column-inner > .wpb_wrapper .tdc-elements{\r\n\t\t\t\t    display: block;\r\n\t\t\t\t}.tdi_14 .vc_column-inner > .wpb_wrapper .tdc-elements{\r\n\t\t\t\t    width: 100%;\r\n\t\t\t\t}div.tdi_14{\r\n\t\t\t\t    width: 40% !important;\r\n\t\t\t\t}\n\n\/* phone *\/\n@media (max-width: 767px){\ndiv.tdi_14{\r\n\t\t\t\t    width: 1% !important;\r\n\t\t\t\t}\n}\n<\/style><div class=\"vc_column-inner\"><div class=\"wpb_wrapper\" ><\/div><\/div><\/div><div class=\"vc_column_inner tdi_16  wpb_column vc_column_container tdc-inner-column td-pb-span4\">\n<style scoped>\n\/* custom css - generated by TagDiv Composer *\/\n\n\/* custom css - generated by TagDiv Composer *\/\n.tdi_16{\r\n                    vertical-align: baseline;\r\n                }.tdi_16 .vc_column-inner > .wpb_wrapper,\r\n\t\t\t\t.tdi_16 .vc_column-inner > .wpb_wrapper .tdc-elements{\r\n\t\t\t\t    display: block;\r\n\t\t\t\t}.tdi_16 .vc_column-inner > .wpb_wrapper .tdc-elements{\r\n\t\t\t\t    width: 100%;\r\n\t\t\t\t}div.tdi_16{\r\n\t\t\t\t    width: 20% !important;\r\n\t\t\t\t}\n\n\/* phone *\/\n@media (max-width: 767px){\ndiv.tdi_16{\r\n\t\t\t\t    width: 100% !important;\r\n\t\t\t\t}\n}\n<\/style><div class=\"vc_column-inner\"><div class=\"wpb_wrapper\" ><div class=\"tdm_block td_block_wrap tdm_block_button tdi_17 tdm-block-button-full tdm-content-horiz-center td-pb-border-top td_block_template_1\"  data-td-block-uid=\"tdi_17\"     >\n<style>\n\n\/* inline tdc_css att - generated by TagDiv Composer *\/\n\n\/* landscape *\/\n@media (min-width: 1019px) and (max-width: 1140px)\n{\n.tdi_17{\nmargin-right:-5px !important;\nmargin-left:10px !important;\n}\n}\n\n\/* portrait *\/\n@media (min-width: 768px) and (max-width: 1018px)\n{\n.tdi_17{\nmargin-right:0px !important;\nmargin-left:5px !important;\n}\n}\n\n<\/style>\n<style>\n\/* custom css - generated by TagDiv Composer *\/\n.tdm_block.tdm_block_button{\r\n                  margin-bottom: 0;\r\n                }.tdm_block.tdm_block_button .tds-button{\r\n                  line-height: 0;\r\n                }.tdm_block.tdm_block_button.tdm-block-button-inline{\r\n                  display: inline-block;\r\n                }.tdm_block.tdm_block_button.tdm-block-button-full,\r\n                .tdm_block.tdm_block_button.tdm-block-button-full .tdm-btn{\r\n                  display: block;\r\n                }.tdi_17 .tdm-btn{\r\n                    height: auto;\r\n                    padding: 13px 20px 16px 20px;\r\n                }\n\n\/* portrait *\/\n@media (min-width: 768px) and (max-width: 1018px){\n.tdi_17 .tdm-btn{\r\n                    height: auto;\r\n                    padding: 6px 12px;\r\n                }\n}\n<\/style>\n<style>\n\/* custom css - generated by TagDiv Composer *\/\n.tdi_18{\r\n                    padding: 13px 20px 16px 20px;\r\n                    height: auto;\r\n                    line-height: 1;\r\n                \r\n\t\t\t\t\tfont-family:Sarabun !important;font-size:15px !important;font-style:normal !important;font-weight:700 !important;text-transform:uppercase !important;letter-spacing:1px !important;\r\n\t\t\t\t}body .tdi_18{\r\n\t\t\t\t\tbackground-color: #0a0a0a;\r\n\t\t\t\t}body .tdi_18:after{\r\n\t\t\t\t\tbackground-color: #ffffff;\r\n\t\t\t\t}body .tdi_18 .tdm-btn-text,\r\n\t\t\t\tbody .tdi_18 i{\r\n\t\t\t\t\tcolor: #ffffff;\r\n\t\t\t\t}.tdi_18 svg{\r\n\t\t\t\t    fill: #ffffff;\r\n\t\t\t\t}.tdi_18 svg *{\r\n\t\t\t\t    fill: inherit;\r\n\t\t\t\t}body .tdi_18:hover .tdm-btn-text,\r\n\t\t\t\tbody .tdi_18:hover i{\r\n\t\t\t\t\tcolor: #0a0a0a;\r\n\t\t\t\t\r\n\t\t\t\t\t-webkit-text-fill-color: unset;\r\n\t\t\t\t\tbackground: transparent;\r\n\t\t\t\t\ttransition: none;\r\n\t\t\t\t}body .tdi_18:hover svg{\r\n\t\t\t\t    fill: #0a0a0a;\r\n\t\t\t\t\r\n\t\t\t\t    fill: #ffffff;\r\n\t\t\t\t}body .tdi_18:hover svg *{\r\n\t\t\t\t    fill: inherit;\r\n\t\t\t\t\r\n\t\t\t\t    fill: inherit;\r\n\t\t\t\t}body .tdi_18:hover i{\r\n\t\t\t\t\tcolor: #ffffff;\r\n\t\t\t\t\r\n\t\t\t\t\t-webkit-text-fill-color: unset;\r\n\t\t\t\t\tbackground: transparent;\r\n\t\t\t\t\ttransition: none;\r\n\t\t\t\t}body .tdi_18:before{\r\n\t\t\t\t\tborder-color: #0a0a0a;\r\n\t\t\t\t}body .tdi_18:hover:before{\r\n\t\t\t\t\tborder-color: #0a0a0a;\r\n\t\t\t\t}.tdi_18:before{\r\n\t\t\t\t\tborder-width: 1px;\r\n\t\t\t\t\r\n\t\t\t\t\tborder-style: solid;\r\n\t\t\t\t}.tdi_18,\r\n\t\t\t\t.tdi_18:before,\r\n\t\t\t\t.tdi_18:after{\r\n\t\t\t\t\tborder-radius: 22px;\r\n\t\t\t\t}\n\n\/* portrait *\/\n@media (min-width: 768px) and (max-width: 1018px){\n.tdi_18{\r\n                    padding: 6px 12px;\r\n                    height: auto;\r\n                    line-height: 1;\r\n                }\n}\n<\/style><div class=\"tds-button td-fix-index\"><a href=\"https:\/\/aimonline.shop\/theregion\/\"  title=\"Subscribe\" class=\"tds-button2 tdm-btn tdm-btn-lg tdi_18 \"  target=\"_blank\" ><span class=\"tdm-btn-text\">Subscribe<\/span><\/a><\/div><\/div><\/div><\/div><\/div><div class=\"vc_column_inner tdi_20  wpb_column vc_column_container tdc-inner-column td-pb-span4\">\n<style scoped>\n\/* custom css - generated by TagDiv Composer *\/\n\n\/* custom css - generated by TagDiv Composer *\/\n.tdi_20{\r\n                    vertical-align: baseline;\r\n                }.tdi_20 .vc_column-inner > .wpb_wrapper,\r\n\t\t\t\t.tdi_20 .vc_column-inner > .wpb_wrapper .tdc-elements{\r\n\t\t\t\t    display: block;\r\n\t\t\t\t}.tdi_20 .vc_column-inner > .wpb_wrapper .tdc-elements{\r\n\t\t\t\t    width: 100%;\r\n\t\t\t\t}div.tdi_20{\r\n\t\t\t\t    width: 40% !important;\r\n\t\t\t\t}\n\n\/* phone *\/\n@media (max-width: 767px){\ndiv.tdi_20{\r\n\t\t\t\t    width: 1% !important;\r\n\t\t\t\t}\n}\n<\/style><div class=\"vc_column-inner\"><div class=\"wpb_wrapper\" ><\/div><\/div><\/div><\/div><\/div><\/div><\/div><\/div><\/div><\/div>","protected":false},"excerpt":{"rendered":"","protected":false},"author":4,"featured_media":14999,"parent":0,"menu_order":5,"comment_status":"closed","ping_status":"closed","template":"","meta":{"footnotes":""},"class_list":["post-33676","page","type-page","status-publish","has-post-thumbnail"],"yoast_head":"<!-- This site is optimized with the Yoast SEO plugin v27.4 - https:\/\/yoast.com\/product\/yoast-seo-wordpress\/ -->\n<title>Pretplatite se | Poslovne vijesti i analize Adria regije | The Region<\/title>\n<meta name=\"description\" content=\"Pretplatite se i budite u tijeku s najnovijim poslovnim uvidima, politi\u010dkim zbivanjima i prilikama u Adria regiji.\" \/>\n<meta name=\"robots\" content=\"index, follow, max-snippet:-1, max-image-preview:large, max-video-preview:-1\" \/>\n<link rel=\"canonical\" href=\"https:\/\/connectingregion.com\/hr\/pretplatite-se\/\" \/>\n<meta property=\"og:locale\" content=\"hr_HR\" \/>\n<meta property=\"og:type\" content=\"article\" \/>\n<meta property=\"og:title\" content=\"Pretplatite se | Poslovne vijesti i analize Adria regije | The Region\" \/>\n<meta property=\"og:description\" content=\"Pretplatite se i budite u tijeku s najnovijim poslovnim uvidima, politi\u010dkim zbivanjima i prilikama u Adria regiji.\" \/>\n<meta property=\"og:url\" content=\"https:\/\/connectingregion.com\/hr\/pretplatite-se\/\" \/>\n<meta property=\"og:site_name\" content=\"The Region\" \/>\n<meta property=\"article:modified_time\" content=\"2026-04-15T11:23:15+00:00\" \/>\n<meta property=\"og:image\" content=\"https:\/\/connectingregion.com\/wp-content\/uploads\/2024\/10\/Region-4-faebook.jpg\" \/>\n\t<meta property=\"og:image:width\" content=\"1200\" \/>\n\t<meta property=\"og:image:height\" content=\"630\" \/>\n\t<meta property=\"og:image:type\" content=\"image\/jpeg\" \/>\n<meta name=\"twitter:card\" content=\"summary_large_image\" \/>\n<meta name=\"twitter:site\" content=\"@connectregion\" \/>\n<meta name=\"twitter:label1\" content=\"Procijenjeno vrijeme \u010ditanja\" \/>\n\t<meta name=\"twitter:data1\" content=\"1 minuta\" \/>\n<script type=\"application\/ld+json\" class=\"yoast-schema-graph\">{\"@context\":\"https:\\\/\\\/schema.org\",\"@graph\":[{\"@type\":\"WebPage\",\"@id\":\"https:\\\/\\\/connectingregion.com\\\/hr\\\/pretplatite-se\\\/\",\"url\":\"https:\\\/\\\/connectingregion.com\\\/hr\\\/pretplatite-se\\\/\",\"name\":\"Pretplatite se | Poslovne vijesti i analize Adria regije | The Region\",\"isPartOf\":{\"@id\":\"https:\\\/\\\/connectingregion.com\\\/#website\"},\"primaryImageOfPage\":{\"@id\":\"https:\\\/\\\/connectingregion.com\\\/hr\\\/pretplatite-se\\\/#primaryimage\"},\"image\":{\"@id\":\"https:\\\/\\\/connectingregion.com\\\/hr\\\/pretplatite-se\\\/#primaryimage\"},\"thumbnailUrl\":\"https:\\\/\\\/connectingregion.com\\\/wp-content\\\/uploads\\\/2024\\\/10\\\/Region-4-faebook.jpg\",\"datePublished\":\"2023-10-10T17:01:03+00:00\",\"dateModified\":\"2026-04-15T11:23:15+00:00\",\"description\":\"Pretplatite se i budite u tijeku s najnovijim poslovnim uvidima, politi\u010dkim zbivanjima i prilikama u Adria regiji.\",\"breadcrumb\":{\"@id\":\"https:\\\/\\\/connectingregion.com\\\/hr\\\/pretplatite-se\\\/#breadcrumb\"},\"inLanguage\":\"hr\",\"potentialAction\":[{\"@type\":\"ReadAction\",\"target\":[\"https:\\\/\\\/connectingregion.com\\\/hr\\\/pretplatite-se\\\/\"]}]},{\"@type\":\"ImageObject\",\"inLanguage\":\"hr\",\"@id\":\"https:\\\/\\\/connectingregion.com\\\/hr\\\/pretplatite-se\\\/#primaryimage\",\"url\":\"https:\\\/\\\/connectingregion.com\\\/wp-content\\\/uploads\\\/2024\\\/10\\\/Region-4-faebook.jpg\",\"contentUrl\":\"https:\\\/\\\/connectingregion.com\\\/wp-content\\\/uploads\\\/2024\\\/10\\\/Region-4-faebook.jpg\",\"width\":1200,\"height\":630},{\"@type\":\"BreadcrumbList\",\"@id\":\"https:\\\/\\\/connectingregion.com\\\/hr\\\/pretplatite-se\\\/#breadcrumb\",\"itemListElement\":[{\"@type\":\"ListItem\",\"position\":1,\"name\":\"Home\",\"item\":\"https:\\\/\\\/connectingregion.com\\\/hr\\\/\"},{\"@type\":\"ListItem\",\"position\":2,\"name\":\"Pretplata\"}]},{\"@type\":\"WebSite\",\"@id\":\"https:\\\/\\\/connectingregion.com\\\/#website\",\"url\":\"https:\\\/\\\/connectingregion.com\\\/\",\"name\":\"The Region\",\"description\":\"Regional ties: Officials &amp; leaders unite for tomorrow\",\"publisher\":{\"@id\":\"https:\\\/\\\/connectingregion.com\\\/#organization\"},\"potentialAction\":[{\"@type\":\"SearchAction\",\"target\":{\"@type\":\"EntryPoint\",\"urlTemplate\":\"https:\\\/\\\/connectingregion.com\\\/?s={search_term_string}\"},\"query-input\":{\"@type\":\"PropertyValueSpecification\",\"valueRequired\":true,\"valueName\":\"search_term_string\"}}],\"inLanguage\":\"hr\"},{\"@type\":\"Organization\",\"@id\":\"https:\\\/\\\/connectingregion.com\\\/#organization\",\"name\":\"The Region\",\"url\":\"https:\\\/\\\/connectingregion.com\\\/\",\"logo\":{\"@type\":\"ImageObject\",\"inLanguage\":\"hr\",\"@id\":\"https:\\\/\\\/connectingregion.com\\\/#\\\/schema\\\/logo\\\/image\\\/\",\"url\":\"https:\\\/\\\/connectingregion.com\\\/wp-content\\\/uploads\\\/2023\\\/10\\\/cropped-Artboard-2.jpg\",\"contentUrl\":\"https:\\\/\\\/connectingregion.com\\\/wp-content\\\/uploads\\\/2023\\\/10\\\/cropped-Artboard-2.jpg\",\"width\":512,\"height\":512,\"caption\":\"The Region\"},\"image\":{\"@id\":\"https:\\\/\\\/connectingregion.com\\\/#\\\/schema\\\/logo\\\/image\\\/\"},\"sameAs\":[\"https:\\\/\\\/x.com\\\/connectregion\",\"https:\\\/\\\/www.linkedin.com\\\/company\\\/connectregion\\\/\",\"https:\\\/\\\/www.instagram.com\\\/connectregion\\\/\"]}]}<\/script>\n<!-- \/ Yoast SEO plugin. -->","yoast_head_json":{"title":"Pretplatite se | Poslovne vijesti i analize Adria regije | The Region","description":"Pretplatite se i budite u tijeku s najnovijim poslovnim uvidima, politi\u010dkim zbivanjima i prilikama u Adria regiji.","robots":{"index":"index","follow":"follow","max-snippet":"max-snippet:-1","max-image-preview":"max-image-preview:large","max-video-preview":"max-video-preview:-1"},"canonical":"https:\/\/connectingregion.com\/hr\/pretplatite-se\/","og_locale":"hr_HR","og_type":"article","og_title":"Pretplatite se | Poslovne vijesti i analize Adria regije | The Region","og_description":"Pretplatite se i budite u tijeku s najnovijim poslovnim uvidima, politi\u010dkim zbivanjima i prilikama u Adria regiji.","og_url":"https:\/\/connectingregion.com\/hr\/pretplatite-se\/","og_site_name":"The Region","article_modified_time":"2026-04-15T11:23:15+00:00","og_image":[{"width":1200,"height":630,"url":"https:\/\/connectingregion.com\/wp-content\/uploads\/2024\/10\/Region-4-faebook.jpg","type":"image\/jpeg"}],"twitter_card":"summary_large_image","twitter_site":"@connectregion","twitter_misc":{"Procijenjeno vrijeme \u010ditanja":"1 minuta"},"schema":{"@context":"https:\/\/schema.org","@graph":[{"@type":"WebPage","@id":"https:\/\/connectingregion.com\/hr\/pretplatite-se\/","url":"https:\/\/connectingregion.com\/hr\/pretplatite-se\/","name":"Pretplatite se | Poslovne vijesti i analize Adria regije | The Region","isPartOf":{"@id":"https:\/\/connectingregion.com\/#website"},"primaryImageOfPage":{"@id":"https:\/\/connectingregion.com\/hr\/pretplatite-se\/#primaryimage"},"image":{"@id":"https:\/\/connectingregion.com\/hr\/pretplatite-se\/#primaryimage"},"thumbnailUrl":"https:\/\/connectingregion.com\/wp-content\/uploads\/2024\/10\/Region-4-faebook.jpg","datePublished":"2023-10-10T17:01:03+00:00","dateModified":"2026-04-15T11:23:15+00:00","description":"Pretplatite se i budite u tijeku s najnovijim poslovnim uvidima, politi\u010dkim zbivanjima i prilikama u Adria regiji.","breadcrumb":{"@id":"https:\/\/connectingregion.com\/hr\/pretplatite-se\/#breadcrumb"},"inLanguage":"hr","potentialAction":[{"@type":"ReadAction","target":["https:\/\/connectingregion.com\/hr\/pretplatite-se\/"]}]},{"@type":"ImageObject","inLanguage":"hr","@id":"https:\/\/connectingregion.com\/hr\/pretplatite-se\/#primaryimage","url":"https:\/\/connectingregion.com\/wp-content\/uploads\/2024\/10\/Region-4-faebook.jpg","contentUrl":"https:\/\/connectingregion.com\/wp-content\/uploads\/2024\/10\/Region-4-faebook.jpg","width":1200,"height":630},{"@type":"BreadcrumbList","@id":"https:\/\/connectingregion.com\/hr\/pretplatite-se\/#breadcrumb","itemListElement":[{"@type":"ListItem","position":1,"name":"Home","item":"https:\/\/connectingregion.com\/hr\/"},{"@type":"ListItem","position":2,"name":"Pretplata"}]},{"@type":"WebSite","@id":"https:\/\/connectingregion.com\/#website","url":"https:\/\/connectingregion.com\/","name":"The Region","description":"Regional ties: Officials &amp; leaders unite for tomorrow","publisher":{"@id":"https:\/\/connectingregion.com\/#organization"},"potentialAction":[{"@type":"SearchAction","target":{"@type":"EntryPoint","urlTemplate":"https:\/\/connectingregion.com\/?s={search_term_string}"},"query-input":{"@type":"PropertyValueSpecification","valueRequired":true,"valueName":"search_term_string"}}],"inLanguage":"hr"},{"@type":"Organization","@id":"https:\/\/connectingregion.com\/#organization","name":"The Region","url":"https:\/\/connectingregion.com\/","logo":{"@type":"ImageObject","inLanguage":"hr","@id":"https:\/\/connectingregion.com\/#\/schema\/logo\/image\/","url":"https:\/\/connectingregion.com\/wp-content\/uploads\/2023\/10\/cropped-Artboard-2.jpg","contentUrl":"https:\/\/connectingregion.com\/wp-content\/uploads\/2023\/10\/cropped-Artboard-2.jpg","width":512,"height":512,"caption":"The Region"},"image":{"@id":"https:\/\/connectingregion.com\/#\/schema\/logo\/image\/"},"sameAs":["https:\/\/x.com\/connectregion","https:\/\/www.linkedin.com\/company\/connectregion\/","https:\/\/www.instagram.com\/connectregion\/"]}]}},"_links":{"self":[{"href":"https:\/\/connectingregion.com\/hr\/wp-json\/wp\/v2\/pages\/33676","targetHints":{"allow":["GET"]}}],"collection":[{"href":"https:\/\/connectingregion.com\/hr\/wp-json\/wp\/v2\/pages"}],"about":[{"href":"https:\/\/connectingregion.com\/hr\/wp-json\/wp\/v2\/types\/page"}],"author":[{"embeddable":true,"href":"https:\/\/connectingregion.com\/hr\/wp-json\/wp\/v2\/users\/4"}],"replies":[{"embeddable":true,"href":"https:\/\/connectingregion.com\/hr\/wp-json\/wp\/v2\/comments?post=33676"}],"version-history":[{"count":4,"href":"https:\/\/connectingregion.com\/hr\/wp-json\/wp\/v2\/pages\/33676\/revisions"}],"predecessor-version":[{"id":34425,"href":"https:\/\/connectingregion.com\/hr\/wp-json\/wp\/v2\/pages\/33676\/revisions\/34425"}],"wp:featuredmedia":[{"embeddable":true,"href":"https:\/\/connectingregion.com\/hr\/wp-json\/wp\/v2\/media\/14999"}],"wp:attachment":[{"href":"https:\/\/connectingregion.com\/hr\/wp-json\/wp\/v2\/media?parent=33676"}],"curies":[{"name":"wp","href":"https:\/\/api.w.org\/{rel}","templated":true}]}}