{"id":33710,"date":"2024-07-24T19:53:37","date_gmt":"2024-07-24T17:53:37","guid":{"rendered":"https:\/\/connectingregion.com\/the-regions-creative-hub\/"},"modified":"2026-04-14T12:49:08","modified_gmt":"2026-04-14T10:49:08","slug":"qendra-kreative-e-the-region","status":"publish","type":"page","link":"https:\/\/connectingregion.com\/al\/qendra-kreative-e-the-region\/","title":{"rendered":"Qendra Kreative e The Region"},"content":{"rendered":"<div id=\"tdi_1\" class=\"tdc-zone\"><div class=\"tdc_zone tdi_2  wpb_row td-pb-row\"  >\n<style scoped>\n\/* custom css - generated by TagDiv Composer *\/\n\n\/* custom css - generated by TagDiv Composer *\/\n.tdi_2{\r\n                    min-height: 0;\r\n                }\n\/* inline tdc_css att - generated by TagDiv Composer *\/\n\n\/* phone *\/\n@media (max-width: 767px)\n{\n.tdi_2{\nmargin-left:-0.2px !important;\n}\n}\n\n<\/style><div id=\"tdi_3\" class=\"tdc-row stretch_row_1400 td-stretch-content\"><div class=\"vc_row tdi_4  wpb_row td-pb-row tdc-element-style\" >\n<style scoped>\n\/* custom css - generated by TagDiv Composer *\/\n\n\/* custom css - generated by TagDiv Composer *\/\n.tdi_4,\r\n                .tdi_4 .tdc-columns{\r\n                    min-height: 0;\r\n                }.tdi_4,\r\n\t\t\t\t.tdi_4 .tdc-columns{\r\n\t\t\t\t    display: block;\r\n\t\t\t\t}.tdi_4 .tdc-columns{\r\n\t\t\t\t    width: 100%;\r\n\t\t\t\t}.tdi_4:before,\r\n\t\t\t\t.tdi_4:after{\r\n\t\t\t\t    display: table;\r\n\t\t\t\t}\n\/* inline tdc_css att - generated by TagDiv Composer *\/\n\n.tdi_4{\npadding-top:90px !important;\npadding-bottom:40px !important;\nposition:relative;\n}\n\n.tdi_4 .td_block_wrap{ text-align:left }\n\n\/* landscape *\/\n@media (min-width: 1019px) and (max-width: 1140px)\n{\n.tdi_4{\npadding-top:100px !important;\npadding-bottom:100px !important;\n}\n}\n\n\/* portrait *\/\n@media (min-width: 768px) and (max-width: 1018px)\n{\n.tdi_4{\npadding-top:80px !important;\npadding-bottom:80px !important;\n}\n}\n\n\/* phone *\/\n@media (max-width: 767px)\n{\n.tdi_4{\npadding-top:60px !important;\npadding-bottom:10px !important;\n}\n}\n\n<\/style>\n<div class=\"tdi_3_rand_style td-element-style\" ><div class=\"td-element-style-before\"><style>\n\/* custom css - generated by TagDiv Composer *\/\n\n.tdi_3_rand_style > .td-element-style-before {\ncontent:'' !important;\nwidth:100% !important;\nheight:100% !important;\nposition:absolute !important;\ntop:0 !important;\nleft:0 !important;\ndisplay:block !important;\nz-index:0 !important;\nbackground-image:url(\"https:\/\/connectingregion.com\/wp-content\/uploads\/2024\/07\/202204121da0436e-f2a5-7b6e-a093-2ad6885a752f.png\") !important;\nbackground-repeat:no-repeat !important;\nbackground-position:center center !important;\nopacity:0.3 !important;\n}\n<\/style><\/div><\/div><div class=\"vc_column tdi_6  wpb_column vc_column_container tdc-column td-pb-span12\">\n<style scoped>\n\/* custom css - generated by TagDiv Composer *\/\n\n\/* custom css - generated by TagDiv Composer *\/\n.tdi_6{\r\n                    vertical-align: baseline;\r\n                }.tdi_6 > .wpb_wrapper,\r\n\t\t\t\t.tdi_6 > .wpb_wrapper > .tdc-elements{\r\n\t\t\t\t    display: block;\r\n\t\t\t\t}.tdi_6 > .wpb_wrapper > .tdc-elements{\r\n\t\t\t\t    width: 100%;\r\n\t\t\t\t}.tdi_6 > .wpb_wrapper > .vc_row_inner{\r\n\t\t\t\t    width: auto;\r\n\t\t\t\t}.tdi_6 > .wpb_wrapper{\r\n\t\t\t\t    width: auto;\r\n\t\t\t\t    height: auto;\r\n\t\t\t\t}\n\/* inline tdc_css att - generated by TagDiv Composer *\/\n\n.tdi_6{\njustify-content:center !important;\ntext-align:center !important;\n}\n\n<\/style><div class=\"wpb_wrapper\" ><div class=\"tdm_block td_block_wrap tdm_block_column_title tdi_7 tdm-content-horiz-center td-pb-border-top td_block_template_1\"  data-td-block-uid=\"tdi_7\" >\n<style>\n\n\/* inline tdc_css att - generated by TagDiv Composer *\/\n\n.tdi_7{\nmargin-bottom:0px !important;\npadding-bottom:22px !important;\n}\n\n<\/style>\n<style>\n\/* custom css - generated by TagDiv Composer *\/\n.tdm_block_column_title{\r\n                  margin-bottom: 0;\r\n                  display: inline-block;\r\n                  width: 100%;\r\n                }\n<\/style><div class=\"td-block-row\"><div class=\"td-block-span12 tdm-col\">\n<style>\n\/* custom css - generated by TagDiv Composer *\/\nbody .tdi_8 .tdm-title{\r\n\t\t\t\t\tcolor: #0a0a0a;\r\n\t\t\t\t}.tdi_8 .tdm-title{\r\n\t\t\t\t\tfont-size:36px !important;line-height:1.1 !important;font-weight:800 !important;\r\n\t\t\t\t}\n\n\/* landscape *\/\n@media (min-width: 1019px) and (max-width: 1140px){\n.tdi_8 .tdm-title{\r\n\t\t\t\t\tfont-size:32px !important;\r\n\t\t\t\t}\n}\n\n\/* portrait *\/\n@media (min-width: 768px) and (max-width: 1018px){\n.tdi_8 .tdm-title{\r\n\t\t\t\t\tfont-size:28px !important;\r\n\t\t\t\t}\n}\n\n\/* phone *\/\n@media (max-width: 767px){\n.tdi_8 .tdm-title{\r\n\t\t\t\t\tfont-size:24px !important;\r\n\t\t\t\t}\n}\n<\/style><div class=\"tds-title tds-title1 td-fix-index tdi_8 \"><h3 class=\"tdm-title tdm-title-sm\">Mir\u00eb se vini n\u00eb Qendr\u00ebn Kreative t\u00eb The Region\n<\/h3><\/div><\/div><\/div><\/div><div class=\"tdm_block td_block_wrap tdm_block_inline_text tdi_9 td-pb-border-top td_block_template_1\"  data-td-block-uid=\"tdi_9\" >\n<style>\n\n\/* inline tdc_css att - generated by TagDiv Composer *\/\n\n.tdi_9{\nmargin-bottom:20px !important;\nwidth:50% !important;\n}\n\n\/* portrait *\/\n@media (min-width: 768px) and (max-width: 1018px)\n{\n.tdi_9{\nmargin-bottom:12px !important;\nwidth:75% !important;\n}\n}\n\n\/* landscape *\/\n@media (min-width: 1019px) and (max-width: 1140px)\n{\n.tdi_9{\nmargin-bottom:16px !important;\nwidth:65% !important;\n}\n}\n\n\/* phone *\/\n@media (max-width: 767px)\n{\n.tdi_9{\nwidth:100% !important;\n}\n}\n\n<\/style>\n<style>\n\/* custom css - generated by TagDiv Composer *\/\n.tdm_block.tdm_block_inline_text{\r\n                  margin-bottom: 0;\r\n                  vertical-align: top;\r\n                }.tdm_block.tdm_block_inline_text .tdm-descr{\r\n                  margin-bottom: 0;\r\n                  -webkit-transform: translateZ(0);\r\n                  transform: translateZ(0);\r\n                }.tdc-row-content-vert-center .tdm-inline-text-yes{\r\n                  vertical-align: middle;\r\n                }.tdc-row-content-vert-bottom .tdm-inline-text-yes{\r\n                  vertical-align: bottom;\r\n                }.tdi_9{\r\n                    text-align: center !important;\r\n                    margin-right: auto; \r\n                    margin-left: auto;\r\n                }.tdi_9 .tdm-descr{\r\n                    color: #0a0a0a;\r\n                \r\n\t\t\t\t\tfont-family:Libre Franklin !important;font-size:19px !important;line-height:1.4 !important;font-weight:400 !important;\r\n\t\t\t\t}\n\n\/* landscape *\/\n@media (min-width: 1019px) and (max-width: 1140px){\n.tdi_9 .tdm-descr{\r\n\t\t\t\t\tfont-size:18px !important;\r\n\t\t\t\t}\n}\n\n\/* portrait *\/\n@media (min-width: 768px) and (max-width: 1018px){\n.tdi_9 .tdm-descr{\r\n\t\t\t\t\tfont-size:16px !important;\r\n\t\t\t\t}\n}\n\n\/* phone *\/\n@media (max-width: 767px){\n.tdi_9 .tdm-descr{\r\n\t\t\t\t\tfont-size:17px !important;\r\n\t\t\t\t}\n}\n<\/style><p class=\"tdm-descr\">Me k\u00ebnaq\u00ebsi presim t\u00eb d\u00ebgjojm\u00eb nga lexuesit tan\u00eb t\u00eb shk\u00eblqyer. A keni nj\u00eb tem\u00eb aktuale, nj\u00eb pyetje t\u00eb r\u00ebnd\u00ebsishme apo nj\u00eb histori frym\u00ebzuese q\u00eb mendoni se meriton v\u00ebmendje?<br><br>\n\nQoft\u00eb nj\u00eb analiz\u00eb e avancuar, nj\u00eb ide p\u00ebr nj\u00eb intervist\u00eb interesante apo nj\u00eb interes specifik p\u00ebr t\u00eb cilin jeni t\u00eb pasionuar, duam ta dim\u00eb! Ndani sugjerimet tuaja p\u00ebr p\u00ebrmbajtjen ton\u00eb, rubrikat apo \u00e7do kontribut me vler\u00eb dhe s\u00eb bashku t\u00eb form\u00ebsojm\u00eb bised\u00ebn.<\/p><\/div><\/div><\/div><\/div><\/div><div id=\"tdi_10\" class=\"tdc-row stretch_row_1200 td-stretch-content\"><div class=\"vc_row tdi_11  wpb_row td-pb-row\" >\n<style scoped>\n\/* custom css - generated by TagDiv Composer *\/\n\n\/* custom css - generated by TagDiv Composer *\/\n.tdi_11,\r\n                .tdi_11 .tdc-columns{\r\n                    min-height: 0;\r\n                }.tdi_11,\r\n\t\t\t\t.tdi_11 .tdc-columns{\r\n\t\t\t\t    display: flex;\r\n\t\t\t\t\r\n\t\t\t\t    flex-direction: row;\r\n\t\t\t\t\r\n\t\t\t\t    flex-wrap: nowrap;\r\n\t\t\t\t\r\n\t\t\t\t    justify-content: flex-start;\r\n\t\t\t\t\r\n\t\t\t\t    align-items: center;\r\n\t\t\t\t}.tdi_11 .tdc-columns{\r\n\t\t\t\t    width: 100%;\r\n\t\t\t\t}.tdi_11:before,\r\n\t\t\t\t.tdi_11:after{\r\n\t\t\t\t    display: none;\r\n\t\t\t\t}\n\n\/* phone *\/\n@media (max-width: 767px){\n.tdi_11,\r\n\t\t\t\t.tdi_11 .tdc-columns{\r\n\t\t\t\t    flex-direction: column;\r\n\t\t\t\t\r\n\t\t\t\t    align-items: flex-start;\r\n\t\t\t\t}\n}\n\/* inline tdc_css att - generated by TagDiv Composer *\/\n\n.tdi_11{\npadding-top:25px !important;\npadding-right:100px !important;\npadding-bottom:90px !important;\npadding-left:100px !important;\n}\n\n.tdi_11 .td_block_wrap{ text-align:left }\n\n\/* phone *\/\n@media (max-width: 767px)\n{\n.tdi_11{\npadding-top:35px !important;\npadding-right:0px !important;\npadding-bottom:20px !important;\npadding-left:0px !important;\n}\n}\n\n\/* landscape *\/\n@media (min-width: 1019px) and (max-width: 1140px)\n{\n.tdi_11{\npadding-top:100px !important;\npadding-bottom:60px !important;\n}\n}\n\n\/* portrait *\/\n@media (min-width: 768px) and (max-width: 1018px)\n{\n.tdi_11{\npadding-top:80px !important;\npadding-bottom:40px !important;\n}\n}\n\n<\/style><div class=\"vc_column tdi_13  wpb_column vc_column_container tdc-column td-pb-span12\">\n<style scoped>\n\/* custom css - generated by TagDiv Composer *\/\n\n\/* custom css - generated by TagDiv Composer *\/\n.tdi_13{\r\n                    vertical-align: baseline;\r\n                }.tdi_13 > .wpb_wrapper,\r\n\t\t\t\t.tdi_13 > .wpb_wrapper > .tdc-elements{\r\n\t\t\t\t    display: block;\r\n\t\t\t\t}.tdi_13 > .wpb_wrapper > .tdc-elements{\r\n\t\t\t\t    width: 100%;\r\n\t\t\t\t}.tdi_13 > .wpb_wrapper > .vc_row_inner{\r\n\t\t\t\t    width: auto;\r\n\t\t\t\t}.tdi_13 > .wpb_wrapper{\r\n\t\t\t\t    width: auto;\r\n\t\t\t\t    height: auto;\r\n\t\t\t\t}\n<\/style><div class=\"wpb_wrapper\" ><div class=\"wpb_wrapper wpb_text_column td_block_wrap td_block_wrap vc_column_text tdi_14 creativeHub-cf tagdiv-type td-pb-border-top td_block_template_1\"  data-td-block-uid=\"tdi_14\" >\n<style>\n\n\/* inline tdc_css att - generated by TagDiv Composer *\/\n\n.tdi_14{\nmargin-bottom:0px !important;\n}\n\n<\/style>\n<style>\n\/* custom css - generated by TagDiv Composer *\/\n.vc_column_text > .td-element-style{\r\n\t\t\t\t\tz-index: -1;\r\n\t\t\t\t}.tdi_14,\r\n                .tdi_14 p{\r\n\t\t\t        font-family:Libre Franklin !important;font-size:19px !important;line-height:1.6 !important;font-weight:400 !important;\r\n\t\t        }.tdi_14{\r\n\t\t\t        color: rgba(10,10,10,0.85);\r\n\t\t        }\n\n\/* portrait *\/\n@media (min-width: 768px) and (max-width: 1018px){\n.tdi_14,\r\n                .tdi_14 p{\r\n\t\t\t        font-size:15px !important;\r\n\t\t        }\n}\n\n\/* phone *\/\n@media (max-width: 767px){\n.tdi_14,\r\n                .tdi_14 p{\r\n\t\t\t        font-size:18px !important;\r\n\t\t        }\n}\n<\/style><div class=\"td-fix-index\"><div id=\"form-with-email\">\n<div class=\"wpcf7 no-js\" id=\"wpcf7-f34242-o1\" lang=\"sq-AL\" dir=\"ltr\" data-wpcf7-id=\"34242\">\n<div class=\"screen-reader-response\"><p role=\"status\" aria-live=\"polite\" aria-atomic=\"true\"><\/p> <ul><\/ul><\/div>\n<form action=\"\/al\/wp-json\/wp\/v2\/pages\/33710#wpcf7-f34242-o1\" method=\"post\" class=\"wpcf7-form init\" aria-label=\"Contact form\" novalidate=\"novalidate\" data-status=\"init\">\n<fieldset class=\"hidden-fields-container\"><input type=\"hidden\" name=\"_wpcf7\" value=\"34242\" \/><input type=\"hidden\" name=\"_wpcf7_version\" value=\"6.1.5\" \/><input type=\"hidden\" name=\"_wpcf7_locale\" value=\"sq_AL\" \/><input type=\"hidden\" name=\"_wpcf7_unit_tag\" value=\"wpcf7-f34242-o1\" \/><input type=\"hidden\" name=\"_wpcf7_container_post\" value=\"0\" \/><input type=\"hidden\" name=\"_wpcf7_posted_data_hash\" value=\"\" \/><input type=\"hidden\" name=\"_wpcf7_recaptcha_response\" value=\"\" \/>\n<\/fieldset>\n<p><label> Emri juaj <span class=\"wpcf7-form-control-wrap\" data-name=\"your-name\"><input size=\"40\" maxlength=\"400\" class=\"wpcf7-form-control wpcf7-text wpcf7-validates-as-required\" autocomplete=\"name\" aria-required=\"true\" aria-invalid=\"false\" value=\"\" type=\"text\" name=\"your-name\" \/><\/span> <\/label>\n<\/p>\n<div class=\"email-field\">\n\t<p><label> Emaili juaj <span class=\"wpcf7-form-control-wrap\" data-name=\"your-email\"><input size=\"40\" maxlength=\"400\" class=\"wpcf7-form-control wpcf7-email wpcf7-validates-as-required wpcf7-text wpcf7-validates-as-email\" aria-required=\"true\" aria-invalid=\"false\" placeholder=\"\" value=\"\" type=\"email\" name=\"your-email\" \/><\/span><\/label>\n\t<\/p>\n<\/div>\n<p><label><br \/>\n<input type=\"checkbox\" id=\"contribute-anonymously-checkbox\" \/> D\u00ebshironi t\u2019i d\u00ebrgoni idet\u00eb tuaja n\u00eb m\u00ebnyr\u00eb anonime?<br \/>\n<\/label>\n<\/p>\n<p><label> Mesazhi juaj <span class=\"wpcf7-form-control-wrap\" data-name=\"your-message\"><textarea cols=\"40\" rows=\"20\" maxlength=\"2000\" class=\"wpcf7-form-control wpcf7-textarea\" aria-invalid=\"false\" name=\"your-message\"><\/textarea><\/span> <\/label>\n<\/p>\n<div style=\"text-align: right;right: -3.5em;position: relative;\">\n\t<p><input class=\"wpcf7-form-control wpcf7-submit has-spinner\" type=\"submit\" value=\"D\u00ebrgo\" \/>\n\t<\/p>\n<\/div><div class=\"wpcf7-response-output\" aria-hidden=\"true\"><\/div>\n<\/form>\n<\/div>\n<\/div>\n<div id=\"form-without-email\" style=\"display: none;\">\n<div class=\"wpcf7 no-js\" id=\"wpcf7-f34252-o2\" lang=\"sq-AL\" dir=\"ltr\" data-wpcf7-id=\"34252\">\n<div class=\"screen-reader-response\"><p role=\"status\" aria-live=\"polite\" aria-atomic=\"true\"><\/p> <ul><\/ul><\/div>\n<form action=\"\/al\/wp-json\/wp\/v2\/pages\/33710#wpcf7-f34252-o2\" method=\"post\" class=\"wpcf7-form init\" aria-label=\"Contact form\" novalidate=\"novalidate\" data-status=\"init\">\n<fieldset class=\"hidden-fields-container\"><input type=\"hidden\" name=\"_wpcf7\" value=\"34252\" \/><input type=\"hidden\" name=\"_wpcf7_version\" value=\"6.1.5\" \/><input type=\"hidden\" name=\"_wpcf7_locale\" value=\"sq_AL\" \/><input type=\"hidden\" name=\"_wpcf7_unit_tag\" value=\"wpcf7-f34252-o2\" \/><input type=\"hidden\" name=\"_wpcf7_container_post\" value=\"0\" \/><input type=\"hidden\" name=\"_wpcf7_posted_data_hash\" value=\"\" \/><input type=\"hidden\" name=\"_wpcf7_recaptcha_response\" value=\"\" \/>\n<\/fieldset>\n<p><input type=\"checkbox\" id=\"contribute-with-email-checkbox\" \/> Dua t\u00eb d\u00ebrgoj me em\u00ebr dhe email\n<\/p>\n<p><label> Mesazhi juaj<br \/>\n<span class=\"wpcf7-form-control-wrap\" data-name=\"your-message\"><textarea cols=\"40\" rows=\"20\" maxlength=\"2000\" class=\"wpcf7-form-control wpcf7-textarea\" aria-invalid=\"false\" name=\"your-message\"><\/textarea><\/span> <\/label>\n<\/p>\n<div style=\"text-align: right;right: -3.5em;position: relative;\">\n\t<p><input class=\"wpcf7-form-control wpcf7-submit has-spinner\" type=\"submit\" value=\"D\u00ebrgo\" \/>\n\t<\/p>\n<\/div><div class=\"wpcf7-response-output\" aria-hidden=\"true\"><\/div>\n<\/form>\n<\/div>\n<\/div>\n<\/div><\/div><\/div><\/div><\/div><\/div><\/div><\/div>","protected":false},"excerpt":{"rendered":"","protected":false},"author":4,"featured_media":13426,"parent":0,"menu_order":6,"comment_status":"closed","ping_status":"closed","template":"","meta":{"footnotes":""},"class_list":["post-33710","page","type-page","status-publish","has-post-thumbnail"],"yoast_head":"<!-- This site is optimized with the Yoast SEO plugin v27.4 - https:\/\/yoast.com\/product\/yoast-seo-wordpress\/ -->\n<title>Qendra Kreative e The Region - The Region<\/title>\n<meta name=\"robots\" content=\"index, follow, max-snippet:-1, max-image-preview:large, max-video-preview:-1\" \/>\n<link rel=\"canonical\" href=\"https:\/\/connectingregion.com\/al\/qendra-kreative-e-the-region\/\" \/>\n<meta property=\"og:locale\" content=\"sq_AL\" \/>\n<meta property=\"og:type\" content=\"article\" \/>\n<meta property=\"og:title\" content=\"Qendra Kreative e The Region - The Region\" \/>\n<meta property=\"og:url\" content=\"https:\/\/connectingregion.com\/al\/qendra-kreative-e-the-region\/\" \/>\n<meta property=\"og:site_name\" content=\"The Region\" \/>\n<meta property=\"article:modified_time\" content=\"2026-04-14T10:49:08+00:00\" \/>\n<meta property=\"og:image\" content=\"https:\/\/connectingregion.com\/wp-content\/uploads\/2024\/08\/lightbulbs-on-black-textured-table-2023-b.jpg\" \/>\n\t<meta property=\"og:image:width\" content=\"1200\" \/>\n\t<meta property=\"og:image:height\" content=\"801\" \/>\n\t<meta property=\"og:image:type\" content=\"image\/jpeg\" \/>\n<meta name=\"twitter:card\" content=\"summary_large_image\" \/>\n<meta name=\"twitter:site\" content=\"@connectregion\" \/>\n<meta name=\"twitter:label1\" content=\"Est. reading time\" \/>\n\t<meta name=\"twitter:data1\" content=\"1 minute\" \/>\n<script type=\"application\/ld+json\" class=\"yoast-schema-graph\">{\"@context\":\"https:\\\/\\\/schema.org\",\"@graph\":[{\"@type\":\"WebPage\",\"@id\":\"https:\\\/\\\/connectingregion.com\\\/al\\\/qendra-kreative-e-the-region\\\/\",\"url\":\"https:\\\/\\\/connectingregion.com\\\/al\\\/qendra-kreative-e-the-region\\\/\",\"name\":\"Qendra Kreative e The Region - The Region\",\"isPartOf\":{\"@id\":\"https:\\\/\\\/connectingregion.com\\\/#website\"},\"primaryImageOfPage\":{\"@id\":\"https:\\\/\\\/connectingregion.com\\\/al\\\/qendra-kreative-e-the-region\\\/#primaryimage\"},\"image\":{\"@id\":\"https:\\\/\\\/connectingregion.com\\\/al\\\/qendra-kreative-e-the-region\\\/#primaryimage\"},\"thumbnailUrl\":\"https:\\\/\\\/connectingregion.com\\\/wp-content\\\/uploads\\\/2024\\\/08\\\/lightbulbs-on-black-textured-table-2023-b.jpg\",\"datePublished\":\"2024-07-24T17:53:37+00:00\",\"dateModified\":\"2026-04-14T10:49:08+00:00\",\"breadcrumb\":{\"@id\":\"https:\\\/\\\/connectingregion.com\\\/al\\\/qendra-kreative-e-the-region\\\/#breadcrumb\"},\"inLanguage\":\"sq-AL\",\"potentialAction\":[{\"@type\":\"ReadAction\",\"target\":[\"https:\\\/\\\/connectingregion.com\\\/al\\\/qendra-kreative-e-the-region\\\/\"]}]},{\"@type\":\"ImageObject\",\"inLanguage\":\"sq-AL\",\"@id\":\"https:\\\/\\\/connectingregion.com\\\/al\\\/qendra-kreative-e-the-region\\\/#primaryimage\",\"url\":\"https:\\\/\\\/connectingregion.com\\\/wp-content\\\/uploads\\\/2024\\\/08\\\/lightbulbs-on-black-textured-table-2023-b.jpg\",\"contentUrl\":\"https:\\\/\\\/connectingregion.com\\\/wp-content\\\/uploads\\\/2024\\\/08\\\/lightbulbs-on-black-textured-table-2023-b.jpg\",\"width\":1200,\"height\":801},{\"@type\":\"BreadcrumbList\",\"@id\":\"https:\\\/\\\/connectingregion.com\\\/al\\\/qendra-kreative-e-the-region\\\/#breadcrumb\",\"itemListElement\":[{\"@type\":\"ListItem\",\"position\":1,\"name\":\"Home\",\"item\":\"https:\\\/\\\/connectingregion.com\\\/al\\\/\"},{\"@type\":\"ListItem\",\"position\":2,\"name\":\"Qendra Kreative e The Region\"}]},{\"@type\":\"WebSite\",\"@id\":\"https:\\\/\\\/connectingregion.com\\\/#website\",\"url\":\"https:\\\/\\\/connectingregion.com\\\/\",\"name\":\"The Region\",\"description\":\"Regional ties: Officials &amp; leaders unite for tomorrow\",\"publisher\":{\"@id\":\"https:\\\/\\\/connectingregion.com\\\/#organization\"},\"potentialAction\":[{\"@type\":\"SearchAction\",\"target\":{\"@type\":\"EntryPoint\",\"urlTemplate\":\"https:\\\/\\\/connectingregion.com\\\/?s={search_term_string}\"},\"query-input\":{\"@type\":\"PropertyValueSpecification\",\"valueRequired\":true,\"valueName\":\"search_term_string\"}}],\"inLanguage\":\"sq-AL\"},{\"@type\":\"Organization\",\"@id\":\"https:\\\/\\\/connectingregion.com\\\/#organization\",\"name\":\"The Region\",\"url\":\"https:\\\/\\\/connectingregion.com\\\/\",\"logo\":{\"@type\":\"ImageObject\",\"inLanguage\":\"sq-AL\",\"@id\":\"https:\\\/\\\/connectingregion.com\\\/#\\\/schema\\\/logo\\\/image\\\/\",\"url\":\"https:\\\/\\\/connectingregion.com\\\/wp-content\\\/uploads\\\/2023\\\/10\\\/cropped-Artboard-2.jpg\",\"contentUrl\":\"https:\\\/\\\/connectingregion.com\\\/wp-content\\\/uploads\\\/2023\\\/10\\\/cropped-Artboard-2.jpg\",\"width\":512,\"height\":512,\"caption\":\"The Region\"},\"image\":{\"@id\":\"https:\\\/\\\/connectingregion.com\\\/#\\\/schema\\\/logo\\\/image\\\/\"},\"sameAs\":[\"https:\\\/\\\/x.com\\\/connectregion\",\"https:\\\/\\\/www.linkedin.com\\\/company\\\/connectregion\\\/\",\"https:\\\/\\\/www.instagram.com\\\/connectregion\\\/\"]}]}<\/script>\n<!-- \/ Yoast SEO plugin. -->","yoast_head_json":{"title":"Qendra Kreative e The Region - The Region","robots":{"index":"index","follow":"follow","max-snippet":"max-snippet:-1","max-image-preview":"max-image-preview:large","max-video-preview":"max-video-preview:-1"},"canonical":"https:\/\/connectingregion.com\/al\/qendra-kreative-e-the-region\/","og_locale":"sq_AL","og_type":"article","og_title":"Qendra Kreative e The Region - The Region","og_url":"https:\/\/connectingregion.com\/al\/qendra-kreative-e-the-region\/","og_site_name":"The Region","article_modified_time":"2026-04-14T10:49:08+00:00","og_image":[{"width":1200,"height":801,"url":"https:\/\/connectingregion.com\/wp-content\/uploads\/2024\/08\/lightbulbs-on-black-textured-table-2023-b.jpg","type":"image\/jpeg"}],"twitter_card":"summary_large_image","twitter_site":"@connectregion","twitter_misc":{"Est. reading time":"1 minute"},"schema":{"@context":"https:\/\/schema.org","@graph":[{"@type":"WebPage","@id":"https:\/\/connectingregion.com\/al\/qendra-kreative-e-the-region\/","url":"https:\/\/connectingregion.com\/al\/qendra-kreative-e-the-region\/","name":"Qendra Kreative e The Region - The Region","isPartOf":{"@id":"https:\/\/connectingregion.com\/#website"},"primaryImageOfPage":{"@id":"https:\/\/connectingregion.com\/al\/qendra-kreative-e-the-region\/#primaryimage"},"image":{"@id":"https:\/\/connectingregion.com\/al\/qendra-kreative-e-the-region\/#primaryimage"},"thumbnailUrl":"https:\/\/connectingregion.com\/wp-content\/uploads\/2024\/08\/lightbulbs-on-black-textured-table-2023-b.jpg","datePublished":"2024-07-24T17:53:37+00:00","dateModified":"2026-04-14T10:49:08+00:00","breadcrumb":{"@id":"https:\/\/connectingregion.com\/al\/qendra-kreative-e-the-region\/#breadcrumb"},"inLanguage":"sq-AL","potentialAction":[{"@type":"ReadAction","target":["https:\/\/connectingregion.com\/al\/qendra-kreative-e-the-region\/"]}]},{"@type":"ImageObject","inLanguage":"sq-AL","@id":"https:\/\/connectingregion.com\/al\/qendra-kreative-e-the-region\/#primaryimage","url":"https:\/\/connectingregion.com\/wp-content\/uploads\/2024\/08\/lightbulbs-on-black-textured-table-2023-b.jpg","contentUrl":"https:\/\/connectingregion.com\/wp-content\/uploads\/2024\/08\/lightbulbs-on-black-textured-table-2023-b.jpg","width":1200,"height":801},{"@type":"BreadcrumbList","@id":"https:\/\/connectingregion.com\/al\/qendra-kreative-e-the-region\/#breadcrumb","itemListElement":[{"@type":"ListItem","position":1,"name":"Home","item":"https:\/\/connectingregion.com\/al\/"},{"@type":"ListItem","position":2,"name":"Qendra Kreative e The Region"}]},{"@type":"WebSite","@id":"https:\/\/connectingregion.com\/#website","url":"https:\/\/connectingregion.com\/","name":"The Region","description":"Regional ties: Officials &amp; leaders unite for tomorrow","publisher":{"@id":"https:\/\/connectingregion.com\/#organization"},"potentialAction":[{"@type":"SearchAction","target":{"@type":"EntryPoint","urlTemplate":"https:\/\/connectingregion.com\/?s={search_term_string}"},"query-input":{"@type":"PropertyValueSpecification","valueRequired":true,"valueName":"search_term_string"}}],"inLanguage":"sq-AL"},{"@type":"Organization","@id":"https:\/\/connectingregion.com\/#organization","name":"The Region","url":"https:\/\/connectingregion.com\/","logo":{"@type":"ImageObject","inLanguage":"sq-AL","@id":"https:\/\/connectingregion.com\/#\/schema\/logo\/image\/","url":"https:\/\/connectingregion.com\/wp-content\/uploads\/2023\/10\/cropped-Artboard-2.jpg","contentUrl":"https:\/\/connectingregion.com\/wp-content\/uploads\/2023\/10\/cropped-Artboard-2.jpg","width":512,"height":512,"caption":"The Region"},"image":{"@id":"https:\/\/connectingregion.com\/#\/schema\/logo\/image\/"},"sameAs":["https:\/\/x.com\/connectregion","https:\/\/www.linkedin.com\/company\/connectregion\/","https:\/\/www.instagram.com\/connectregion\/"]}]}},"_links":{"self":[{"href":"https:\/\/connectingregion.com\/al\/wp-json\/wp\/v2\/pages\/33710","targetHints":{"allow":["GET"]}}],"collection":[{"href":"https:\/\/connectingregion.com\/al\/wp-json\/wp\/v2\/pages"}],"about":[{"href":"https:\/\/connectingregion.com\/al\/wp-json\/wp\/v2\/types\/page"}],"author":[{"embeddable":true,"href":"https:\/\/connectingregion.com\/al\/wp-json\/wp\/v2\/users\/4"}],"replies":[{"embeddable":true,"href":"https:\/\/connectingregion.com\/al\/wp-json\/wp\/v2\/comments?post=33710"}],"version-history":[{"count":4,"href":"https:\/\/connectingregion.com\/al\/wp-json\/wp\/v2\/pages\/33710\/revisions"}],"predecessor-version":[{"id":34251,"href":"https:\/\/connectingregion.com\/al\/wp-json\/wp\/v2\/pages\/33710\/revisions\/34251"}],"wp:featuredmedia":[{"embeddable":true,"href":"https:\/\/connectingregion.com\/al\/wp-json\/wp\/v2\/media\/13426"}],"wp:attachment":[{"href":"https:\/\/connectingregion.com\/al\/wp-json\/wp\/v2\/media?parent=33710"}],"curies":[{"name":"wp","href":"https:\/\/api.w.org\/{rel}","templated":true}]}}